{"id":14,"date":"2023-12-17T11:35:17","date_gmt":"2023-12-17T10:35:17","guid":{"rendered":"https:\/\/aztech-modular.de\/?page_id=14"},"modified":"2024-07-30T10:17:02","modified_gmt":"2024-07-30T08:17:02","slug":"viking","status":"publish","type":"page","link":"https:\/\/aztech-modular.de\/uk\/angebot\/viking\/","title":{"rendered":"Viking"},"content":{"rendered":"<p><strong>Tr\u00e4umen Sie von einem eigenen Zuhause?<\/strong>&nbsp;M\u00f6chten Sie Komfort und Privatsph\u00e4re in einem Raum genie\u00dfen, den Sie Ihr Eigen nennen k\u00f6nnen, aber der Gedanke an den langen und teuren Prozess des Baus eines traditionellen Backsteinhauses scheint \u00fcberw\u00e4ltigend zu sein ? Wir haben eine L\u00f6sung f\u00fcr Sie!<\/p>\n\n\n\n<p><strong>Lernen Sie \u201eViking\u201c kennen \u2013 Ihr neues Ganzjahres-Zuhause<\/strong>, das moderne L\u00f6sungen mit schneller Umsetzung verbindet. Dies ist ein ideales Angebot f\u00fcr diejenigen, die sowohl Wert auf Qualit\u00e4t als auch auf Kosteneffizienz legen.<\/p>","protected":false},"excerpt":{"rendered":"<p>Tr\u00e4umen Sie von einem eigenen Zuhause?&nbsp;M\u00f6chten Sie Komfort und Privatsph\u00e4re in einem Raum genie\u00dfen, den Sie Ihr Eigen nennen k\u00f6nnen, aber der Gedanke an den langen und teuren Prozess des Baus eines traditionellen Backsteinhauses scheint \u00fcberw\u00e4ltigend zu sein ? Wir haben eine L\u00f6sung f\u00fcr Sie! Lernen Sie \u201eViking\u201c kennen \u2013 Ihr neues Ganzjahres-Zuhause, das moderne [&hellip;]<\/p>\n","protected":false},"author":2,"featured_media":0,"parent":12,"menu_order":0,"comment_status":"closed","ping_status":"closed","template":"custom-templates\/offer-item.php","meta":{"_acf_changed":false,"inline_featured_image":false,"footnotes":""},"class_list":["post-14","page","type-page","status-publish","hentry"],"acf":[],"_links":{"self":[{"href":"https:\/\/aztech-modular.de\/uk\/wp-json\/wp\/v2\/pages\/14","targetHints":{"allow":["GET"]}}],"collection":[{"href":"https:\/\/aztech-modular.de\/uk\/wp-json\/wp\/v2\/pages"}],"about":[{"href":"https:\/\/aztech-modular.de\/uk\/wp-json\/wp\/v2\/types\/page"}],"author":[{"embeddable":true,"href":"https:\/\/aztech-modular.de\/uk\/wp-json\/wp\/v2\/users\/2"}],"replies":[{"embeddable":true,"href":"https:\/\/aztech-modular.de\/uk\/wp-json\/wp\/v2\/comments?post=14"}],"version-history":[{"count":49,"href":"https:\/\/aztech-modular.de\/uk\/wp-json\/wp\/v2\/pages\/14\/revisions"}],"predecessor-version":[{"id":1087,"href":"https:\/\/aztech-modular.de\/uk\/wp-json\/wp\/v2\/pages\/14\/revisions\/1087"}],"up":[{"embeddable":true,"href":"https:\/\/aztech-modular.de\/uk\/wp-json\/wp\/v2\/pages\/12"}],"wp:attachment":[{"href":"https:\/\/aztech-modular.de\/uk\/wp-json\/wp\/v2\/media?parent=14"}],"curies":[{"name":"wp","href":"https:\/\/api.w.org\/{rel}","templated":true}]}}