{"id":3,"date":"2023-12-17T11:14:23","date_gmt":"2023-12-17T10:14:23","guid":{"rendered":"https:\/\/aztech-modular.de\/?page_id=3"},"modified":"2024-07-30T10:53:11","modified_gmt":"2024-07-30T08:53:11","slug":"datenschutzrichtlinie","status":"publish","type":"page","link":"https:\/\/aztech-modular.de\/de_at\/datenschutzrichtlinie\/","title":{"rendered":"Datenschutzrichtlinie"},"content":{"rendered":"<p>Diese Datenschutzrichtlinie legt die Regeln f\u00fcr die Verarbeitung und den Schutz personenbezogener Daten von Benutzern fest, die die Dienste von Aztech Domy Modu\u0142owe mit Sitz in K\u0119dzierzyn-Ko\u017ale, ul. nutzen. Powsta\u0144c\u00f3w 70, 47-220 (im Folgenden als \u201eUnternehmen\u201c bezeichnet). Wir unternehmen alle Anstrengungen, um sicherzustellen, dass Ihre personenbezogenen Daten im Einklang mit geltendem Recht, insbesondere der Verordnung (EU) 2016\/679 des Europ\u00e4ischen Parlaments und des Rates vom 27. April 2016 (DSGVO), verarbeitet werden.<\/p>\n\n\n\n<h2 class=\"wp-block-heading\">Datencontroller<\/h2>\n\n\n\n<p>Der Administrator Ihrer pers\u00f6nlichen Daten ist Aztech Domy Modu\u0142owe mit Sitz in K\u0119dzierzyn-Ko\u017ale, ul. Powsta\u0144c\u00f3w 70, 47-220 (im Folgenden \u201eAdministrator\u201c genannt).<\/p>\n\n\n\n<h2 class=\"wp-block-heading\">Umfang der verarbeiteten Daten<\/h2>\n\n\n\n<p>Wir verarbeiten folgende personenbezogene Daten:<\/p>\n\n\n\n<ul class=\"wp-block-list\">\n<li>Vorname und Nachname<\/li>\n\n\n\n<li>E-Mail-Adresse<\/li>\n\n\n\n<li>Numer telefonu<\/li>\n\n\n\n<li>Adresse<\/li>\n\n\n\n<li>Daten zur Nutzung unserer Dienste<\/li>\n<\/ul>\n\n\n\n<h2 class=\"wp-block-heading\">Zwecke der Datenverarbeitung<\/h2>\n\n\n\n<p>Ihre personenbezogenen Daten werden zu folgenden Zwecken verarbeitet:<\/p>\n\n\n\n<ol class=\"wp-block-list\">\n<li>Erbringung der vom Unternehmen angebotenen Dienstleistungen.<\/li>\n\n\n\n<li>Erf\u00fcllung von Bestellungen f\u00fcr Modulh\u00e4user.<\/li>\n\n\n\n<li>Kontakt mit Benutzern zu Fragen im Zusammenhang mit der Funktionsweise des Unternehmens.<\/li>\n\n\n\n<li>Marketing bezpo\u015bredni w\u0142asnych produkt\u00f3w i us\u0142ug Administratora.<\/li>\n<\/ol>\n\n\n\n<h2 class=\"wp-block-heading\">Grundlage der Datenverarbeitung<\/h2>\n\n\n\n<p>Die Verarbeitung personenbezogener Daten basiert auf:<\/p>\n\n\n\n<ul class=\"wp-block-list\">\n<li>Ihre Einwilligung (Art. 6 Abs. 1 lit. a DSGVO);<\/li>\n\n\n\n<li>Erforderlichkeit zur Vertragserf\u00fcllung (Art. 6 Abs. 1 lit. b DSGVO);<\/li>\n\n\n\n<li>Das berechtigte Interesse des Administrators (Artikel 6 Absatz 1 Buchstabe f der DSGVO).<\/li>\n<\/ul>\n\n\n\n<h2 class=\"wp-block-heading\">Datenempf\u00e4nger<\/h2>\n\n\n\n<p>Ihre personenbezogenen Daten k\u00f6nnen \u00fcbertragen werden:<\/p>\n\n\n\n<ul class=\"wp-block-list\">\n<li>Unternehmen, die mit dem Administrator bei der Ausf\u00fchrung von Auftr\u00e4gen zusammenarbeiten.<\/li>\n\n\n\n<li>Hosting- und IT-Dienstleister.<\/li>\n\n\n\n<li>Stellen, die nach geltendem Recht zum Empfang dieser Daten berechtigt sind.<\/li>\n<\/ul>\n\n\n\n<h2 class=\"wp-block-heading\">Daten\u00fcbermittlung in Drittl\u00e4nder<\/h2>\n\n\n\n<p>Eine \u00dcbermittlung Ihrer personenbezogenen Daten an Drittl\u00e4nder (au\u00dferhalb des Europ\u00e4ischen Wirtschaftsraums) darf nur in den F\u00e4llen erfolgen, in denen dies zur Erreichung der Zwecke der Datenverarbeitung erforderlich ist und angemessene Schutzma\u00dfnahmen getroffen werden.<\/p>\n\n\n\n<h2 class=\"wp-block-heading\">Zeitraum der Datenspeicherung<\/h2>\n\n\n\n<p>Ihre personenbezogenen Daten werden f\u00fcr den Zeitraum gespeichert, der zur Erreichung der Zwecke, f\u00fcr die sie erhoben wurden, erforderlich ist, es sei denn, das Gesetz verpflichtet uns, sie l\u00e4nger aufzubewahren.<\/p>\n\n\n\n<h2 class=\"wp-block-heading\">Deine Rechte<\/h2>\n\n\n\n<p>Sie haben das Recht:<\/p>\n\n\n\n<ul class=\"wp-block-list\">\n<li>Zugriff auf Ihre pers\u00f6nlichen Daten.<\/li>\n\n\n\n<li>Berichtigung Ihrer personenbezogenen Daten.<\/li>\n\n\n\n<li>L\u00f6schen Ihrer pers\u00f6nlichen Daten.<\/li>\n\n\n\n<li>Einschr\u00e4nkungen bei der Verarbeitung Ihrer personenbezogenen Daten<\/li>\n\n\n\n<li>\u00dcbermittlung Ihrer personenbezogenen Daten.<\/li>\n\n\n\n<li>Widerspruch gegen die Verarbeitung Ihrer personenbezogenen Daten einlegen.<\/li>\n\n\n\n<li>Die Einwilligung zur Verarbeitung personenbezogener Daten kann jederzeit widerrufen werden, ohne dass dadurch die Rechtm\u00e4\u00dfigkeit der Verarbeitung aufgrund der Einwilligung vor dem Widerruf ber\u00fchrt wird<\/li>\n<\/ul>\n\n\n\n<h2 class=\"wp-block-heading\">Kekse<\/h2>\n\n\n\n<p>Unsere Website verwendet Cookies, um den ordnungsgem\u00e4\u00dfen Betrieb sicherzustellen, den Website-Verkehr zu analysieren und Inhalte an die Pr\u00e4ferenzen der Benutzer anzupassen. Der Benutzer kann die Cookie-Einstellungen \u00fcber einen Webbrowser verwalten.<\/p>\n\n\n\n<h2 class=\"wp-block-heading\">\u00c4nderungen der Datenschutzrichtlinie<\/h2>\n\n\n\n<p>Der Administrator beh\u00e4lt sich das Recht vor, \u00c4nderungen an der Datenschutzrichtlinie vorzunehmen. Benutzer werden \u00fcber alle \u00c4nderungen informiert, indem sie eine aktualisierte Version der Datenschutzrichtlinie auf der Website des Unternehmens ver\u00f6ffentlichen.<\/p>\n\n\n\n<h2 class=\"wp-block-heading\">Kontakt<\/h2>\n\n\n\n<p>Wenn Sie Fragen zur Datenschutzerkl\u00e4rung haben, kontaktieren Sie uns bitte unter der folgenden E-Mail-Adresse:&nbsp;<a>sprzedaz@aztech-modular.pl<\/a>.<\/p>\n\n\n\n<hr class=\"wp-block-separator has-alpha-channel-opacity\"\/>\n\n\n\n<p>Diese Datenschutzrichtlinie gilt ab dem 3. Juli 2024.<\/p>\n\n\n\n<p><\/p>","protected":false},"excerpt":{"rendered":"<p>Diese Datenschutzrichtlinie legt die Regeln f\u00fcr die Verarbeitung und den Schutz personenbezogener Daten von Benutzern fest, die die Dienste von Aztech Domy Modu\u0142owe mit Sitz in K\u0119dzierzyn-Ko\u017ale, ul. nutzen. Powsta\u0144c\u00f3w 70, 47-220 (im Folgenden als \u201eUnternehmen\u201c bezeichnet). Wir unternehmen alle Anstrengungen, um sicherzustellen, dass Ihre personenbezogenen Daten im Einklang mit geltendem Recht, insbesondere der Verordnung [&hellip;]<\/p>\n","protected":false},"author":2,"featured_media":0,"parent":0,"menu_order":0,"comment_status":"closed","ping_status":"closed","template":"","meta":{"_acf_changed":false,"inline_featured_image":false,"footnotes":""},"class_list":["post-3","page","type-page","status-publish","hentry"],"acf":[],"_links":{"self":[{"href":"https:\/\/aztech-modular.de\/de_at\/wp-json\/wp\/v2\/pages\/3","targetHints":{"allow":["GET"]}}],"collection":[{"href":"https:\/\/aztech-modular.de\/de_at\/wp-json\/wp\/v2\/pages"}],"about":[{"href":"https:\/\/aztech-modular.de\/de_at\/wp-json\/wp\/v2\/types\/page"}],"author":[{"embeddable":true,"href":"https:\/\/aztech-modular.de\/de_at\/wp-json\/wp\/v2\/users\/2"}],"replies":[{"embeddable":true,"href":"https:\/\/aztech-modular.de\/de_at\/wp-json\/wp\/v2\/comments?post=3"}],"version-history":[{"count":4,"href":"https:\/\/aztech-modular.de\/de_at\/wp-json\/wp\/v2\/pages\/3\/revisions"}],"predecessor-version":[{"id":1126,"href":"https:\/\/aztech-modular.de\/de_at\/wp-json\/wp\/v2\/pages\/3\/revisions\/1126"}],"wp:attachment":[{"href":"https:\/\/aztech-modular.de\/de_at\/wp-json\/wp\/v2\/media?parent=3"}],"curies":[{"name":"wp","href":"https:\/\/api.w.org\/{rel}","templated":true}]}}