{"id":20,"date":"2023-12-17T11:35:54","date_gmt":"2023-12-17T10:35:54","guid":{"rendered":"https:\/\/aztech-modular.de\/?page_id=20"},"modified":"2024-07-30T10:20:33","modified_gmt":"2024-07-30T08:20:33","slug":"pyramid","status":"publish","type":"page","link":"https:\/\/aztech-modular.de\/de\/angebot\/pyramid\/","title":{"rendered":"Pyramid"},"content":{"rendered":"\n<p><strong>Tr\u00e4umen Sie von einem eigenen Zuhause?<\/strong>\u00a0M\u00f6chten Sie Komfort und Privatsph\u00e4re in einem Raum genie\u00dfen, den Sie Ihr Eigen nennen k\u00f6nnen, aber der Gedanke an den langen und teuren Prozess des Baus eines traditionellen Backsteinhauses scheint \u00fcberw\u00e4ltigend zu sein ? Wir haben eine L\u00f6sung f\u00fcr Sie!<\/p>\n","protected":false},"excerpt":{"rendered":"<p>Tr\u00e4umen Sie von einem eigenen Zuhause?\u00a0M\u00f6chten Sie Komfort und Privatsph\u00e4re in einem Raum genie\u00dfen, den Sie Ihr Eigen nennen k\u00f6nnen, aber der Gedanke an den langen und teuren Prozess des Baus eines traditionellen Backsteinhauses scheint \u00fcberw\u00e4ltigend zu sein ? Wir haben eine L\u00f6sung f\u00fcr Sie!<\/p>\n","protected":false},"author":2,"featured_media":0,"parent":12,"menu_order":0,"comment_status":"closed","ping_status":"closed","template":"custom-templates\/offer-item.php","meta":{"_acf_changed":false,"inline_featured_image":false,"footnotes":""},"class_list":["post-20","page","type-page","status-publish","hentry"],"acf":[],"_links":{"self":[{"href":"https:\/\/aztech-modular.de\/de\/wp-json\/wp\/v2\/pages\/20","targetHints":{"allow":["GET"]}}],"collection":[{"href":"https:\/\/aztech-modular.de\/de\/wp-json\/wp\/v2\/pages"}],"about":[{"href":"https:\/\/aztech-modular.de\/de\/wp-json\/wp\/v2\/types\/page"}],"author":[{"embeddable":true,"href":"https:\/\/aztech-modular.de\/de\/wp-json\/wp\/v2\/users\/2"}],"replies":[{"embeddable":true,"href":"https:\/\/aztech-modular.de\/de\/wp-json\/wp\/v2\/comments?post=20"}],"version-history":[{"count":18,"href":"https:\/\/aztech-modular.de\/de\/wp-json\/wp\/v2\/pages\/20\/revisions"}],"predecessor-version":[{"id":1093,"href":"https:\/\/aztech-modular.de\/de\/wp-json\/wp\/v2\/pages\/20\/revisions\/1093"}],"up":[{"embeddable":true,"href":"https:\/\/aztech-modular.de\/de\/wp-json\/wp\/v2\/pages\/12"}],"wp:attachment":[{"href":"https:\/\/aztech-modular.de\/de\/wp-json\/wp\/v2\/media?parent=20"}],"curies":[{"name":"wp","href":"https:\/\/api.w.org\/{rel}","templated":true}]}}